{"id":12,"date":"2022-01-16T17:23:00","date_gmt":"2022-01-16T17:23:00","guid":{"rendered":"https:\/\/rallielamys.fi\/?page_id=12"},"modified":"2026-03-27T07:41:00","modified_gmt":"2026-03-27T07:41:00","slug":"home","status":"publish","type":"page","link":"https:\/\/rallielamys.fi\/","title":{"rendered":"Yrityksille tarjottavat palvelut"},"content":{"rendered":"\n<div class=\"wp-block-cover is-light hestia-clear-top-padding\"><span aria-hidden=\"true\" class=\"wp-block-cover__background has-white-background-color has-background-dim-100 has-background-dim\"><\/span><div class=\"wp-block-cover__inner-container is-layout-flow wp-block-cover-is-layout-flow\">\n<p class=\"has-black-color has-text-color\" style=\"font-size:14px\">Toteutamme yrityksille ikimuistoisia rallihenkisi\u00e4 tapahtumap\u00e4ivi\u00e4 vuosikymmenen kokemuksella ja n\u00e4iden tapahtumien ymp\u00e4rille tarjoamme asiakkaan toiveiden mukaan rakennettuja kokonaispalvelupaketteja:<br>Yritysten virkistysp\u00e4ivien, tyky-p\u00e4ivien, kes\u00e4tapahtumien ja erilaisten asiakastilaisuuksien ohjelmaan voidaan yhdell\u00e4 tarjouksella sovittaa useita erilaisia lis\u00e4palveluita. Rakennamme asiakastilaisuuden ohjelman nykyisen verolain edellytt\u00e4m\u00e4n verov\u00e4hennysoikeuden mukaiseksi m\u00e4\u00e4r\u00e4muotoisen ja ohjatun sis\u00e4ll\u00f6n pohjalta.<br>T\u00e4yden palvelun asiakastapahtumapakettiin hoidamme vauhdikkaan Rallimestari-kilpailun tai rallikyyditysten lis\u00e4ksi kuljetuksen tapahtumapaikalle ja takaisin, ruokailun (huomioiden erikoisruokavaliot), saunan, paljun tai muun lis\u00e4aktiviteetin. Koulutusluento tai muu asiakastapaaminen sovitetaan p\u00e4iv\u00e4n aikatauluun asiakkaan toiveen mukaisesti.<br>Hoidamme asiakkaan niin halutessa my\u00f6s kutsujen l\u00e4hetyksen tapahtumaan asiakasyrityksillenne erillisen sopimuksen mukaan. Asiakkaamme ei siis tarvitse pyyt\u00e4\u00e4 erillisi\u00e4 tarjouksia ruokailusta tai muusta viihteest\u00e4 usealta eri palveluntarjoalta &#8211; Teemme sen mielell\u00e4mme puolestasi!<\/p>\n\n\n\n<p class=\"has-black-color has-text-color has-normal-font-size\"><strong>T\u00e4yden palvelun asiakaspalvelupaketissa asiakkaamme ainoaksi teht\u00e4v\u00e4ksi j\u00e4\u00e4 p\u00e4iv\u00e4st\u00e4 nauttiminen ja mahtavien muistojen ker\u00e4\u00e4minen!<\/strong><\/p>\n\n\n\n<div class=\"wp-block-columns container is-layout-flex wp-container-core-columns-is-layout-28f84493 wp-block-columns-is-layout-flex\">\n<div class=\"wp-block-column is-layout-flow wp-block-column-is-layout-flow\">\n<figure class=\"wp-block-gallery aligncenter has-nested-images columns-default is-cropped wp-block-gallery-1 is-layout-flex wp-block-gallery-is-layout-flex\">\n<figure class=\"wp-block-image size-large\"><img loading=\"lazy\" decoding=\"async\" width=\"480\" height=\"360\" data-id=\"75\" src=\"https:\/\/rallielamys.fi\/wp-content\/uploads\/2022\/01\/37981024_1966695840056336_7139766960706813952_n-1.jpg\" alt=\"\" class=\"wp-image-75\" srcset=\"https:\/\/rallielamys.fi\/wp-content\/uploads\/2022\/01\/37981024_1966695840056336_7139766960706813952_n-1.jpg 480w, https:\/\/rallielamys.fi\/wp-content\/uploads\/2022\/01\/37981024_1966695840056336_7139766960706813952_n-1-300x225.jpg 300w\" sizes=\"auto, (max-width: 480px) 100vw, 480px\" \/><\/figure>\n<\/figure>\n\n\n\n<h5 class=\"wp-block-heading has-text-align-center has-text-color\" style=\"color:#3c4858;font-size:18px\">Rallimestari-kilpailu<\/h5>\n\n\n\n<p class=\"has-black-color has-text-color\" style=\"font-size:14px\">Jokaisessa yrityksess\u00e4 on se yksi, joka aina kerskuu ylimaallisilla ajotaidoillaan. Onkohan h\u00e4n lopulta kuitenkaan se paras? Tarjoamme erikokoisille ryhmille mahdollisuuden kokeilla kilpa-autoilua turvallisesti ja selvitt\u00e4\u00e4 ryhm\u00e4ns\u00e4 suurimman rallisankarin. Ajotilaisuutta voi k\u00e4ytt\u00e4\u00e4 yrityksen asiakkaiden viihdytt\u00e4miseen, henkil\u00f6st\u00f6n palkitsemiseen kovasta ty\u00f6st\u00e4 tai vaikka tyky-p\u00e4iv\u00e4n kohokohtana.<br>J\u00e4rjest\u00e4mme ajotilaisuuden kokonaispakettina halutulle henkil\u00f6m\u00e4\u00e4r\u00e4lle (6-30 hl\u00f6\u00e4). Autoina ovat t\u00e4ll\u00e4 hetkell\u00e4 k\u00e4yt\u00f6ss\u00e4 rallycross-varusteiset Ford Sierrat.<\/p>\n\n\n\n<p class=\"has-black-color has-text-color\" style=\"font-size:14px\">Tapahtuma aloitetaan aina ohjeiden l\u00e4pik\u00e4ynnill\u00e4 ja ajovarusteiden vaihdolla, mink\u00e4 j\u00e4lkeen l\u00e4hdet\u00e4\u00e4n vuorotellen l\u00e4mmittelykierroksille jota seuraavat heti aika-ajot. Erikoiskokeiden v\u00e4liss\u00e4 luetaan tuloksia ja palkintojen jako j\u00e4rjestet\u00e4\u00e4n heti kaikkien ajettua ja tulosten selvitty\u00e4.<\/p>\n\n\n\n<p class=\"has-black-color has-text-color\" style=\"font-size:14px\">Osallistujilla ei tarvitse olla autourheilutaustaa, lisenssi\u00e4 tai ajokorttia. Vaatimuksina on jonkinlainen auton ajotaito ja v\u00e4hint\u00e4\u00e4n 150 cm:n pituus. Todella pitkien tai muuten suurikokoisten henkil\u00f6iden kannattaa varmistaa j\u00e4rjest\u00e4j\u00e4lt\u00e4 sopivuus autoon, sill\u00e4 kuppipenkit, turvav\u00f6iden pituus ja penkin liikutettavuus ovat rajoitettuja.<\/p>\n\n\n\n<div style=\"height:25px\" aria-hidden=\"true\" class=\"wp-block-spacer\"><\/div>\n<\/div>\n\n\n\n<div class=\"wp-block-column is-layout-flow wp-block-column-is-layout-flow\">\n<figure class=\"wp-block-gallery aligncenter has-nested-images columns-default is-cropped wp-block-gallery-2 is-layout-flex wp-block-gallery-is-layout-flex\">\n<figure class=\"wp-block-image size-large\"><img loading=\"lazy\" decoding=\"async\" width=\"1024\" height=\"768\" data-id=\"76\" src=\"https:\/\/rallielamys.fi\/wp-content\/uploads\/2022\/01\/120199585_3564415990284305_2667872142856930057_n-1-1024x768.jpg\" alt=\"\" class=\"wp-image-76\" srcset=\"https:\/\/rallielamys.fi\/wp-content\/uploads\/2022\/01\/120199585_3564415990284305_2667872142856930057_n-1-1024x768.jpg 1024w, https:\/\/rallielamys.fi\/wp-content\/uploads\/2022\/01\/120199585_3564415990284305_2667872142856930057_n-1-600x450.jpg 600w, https:\/\/rallielamys.fi\/wp-content\/uploads\/2022\/01\/120199585_3564415990284305_2667872142856930057_n-1-300x225.jpg 300w, https:\/\/rallielamys.fi\/wp-content\/uploads\/2022\/01\/120199585_3564415990284305_2667872142856930057_n-1-768x576.jpg 768w, https:\/\/rallielamys.fi\/wp-content\/uploads\/2022\/01\/120199585_3564415990284305_2667872142856930057_n-1.jpg 1440w\" sizes=\"auto, (max-width: 1024px) 100vw, 1024px\" \/><\/figure>\n<\/figure>\n\n\n\n<h5 class=\"wp-block-heading has-text-align-center has-text-color\" style=\"color:#3c4858;font-size:18px\">Rallikyyditys ryhm\u00e4lle<\/h5>\n\n\n\n<p class=\"has-text-align-center has-black-color has-text-color\" style=\"font-size:14px\">Osaavan ja kokeneen kuljettajan kyydiss\u00e4 matkustaja ymm\u00e4rt\u00e4\u00e4 eron siviiliauton ja kilpailun v\u00e4lill\u00e4. Ralliauton vahvat turvavarusteet antavat mahdollisuuden nauttia vauhdikkaasta kyydist\u00e4 ilman pelkoa loukkaantumisesta.<br>Kyyditykset ajaa yksi vuoden 2011 Neste Rallin luokkavoittajista.<br>Rallikyyditys toimii mainiosti el\u00e4myksen\u00e4 yksin\u00e4\u00e4n tai se voidaan k\u00e4tev\u00e4sti liitt\u00e4\u00e4 Rallimestari-kisan lis\u00e4kkeeksi yritystapahtumaan. <\/p>\n\n\n\n<div style=\"height:25px\" aria-hidden=\"true\" class=\"wp-block-spacer\"><\/div>\n<\/div>\n<\/div>\n<\/div><\/div>\n\n\n\n<div class=\"wp-block-columns container is-layout-flex wp-container-core-columns-is-layout-28f84493 wp-block-columns-is-layout-flex\">\n<div class=\"wp-block-column col-md-5 has-blush-light-purple-gradient-background has-background is-layout-flow wp-block-column-is-layout-flow\">\n<h1 class=\"wp-block-heading has-text-align-center has-text-color\" style=\"color:#3d5692\">Yksityisille<\/h1>\n\n\n\n<p class=\"has-text-align-left has-text-color\" style=\"color:#2b3360;font-size:14px\">Yksityishenkil\u00f6ille j\u00e4rjest\u00e4mme rallikyydityksi\u00e4 ja avoimia rallikokeilup\u00e4ivi\u00e4.<\/p>\n\n\n\n<p class=\"has-text-align-left has-text-color\" style=\"color:#2b3360;font-size:14px\">Kaikki yksityishenkil\u00f6ille tarkoitetut ajop\u00e4iv\u00e4t on valmiiksi merkitty nettikalenteriimme, joka <strong>l\u00f6ytyy valikosta Googlen G-logon takaa<\/strong>.<br>Tapahtumap\u00e4iviin ilmoittaudutaan s\u00e4hk\u00f6postilla <a href=\"mailto:varaus@rallielamys.fi\"><strong><em>varaus@rallielamys.fi<\/em><\/strong><\/a> tai vaihtoehtoisesti suoraan kalenterista l\u00f6ytyv\u00e4n linkin kautta.<br>Ilmoittautuessa tulee kertoa <strong>osallistujan\/ kyyditett\u00e4v\u00e4n nimi, puhelinnumero ja lahjakortin koodi<\/strong>. <br>Messengerill\u00e4, tekstiviestill\u00e4 tai Whatsappilla ilmoittautumiset eiv\u00e4t tule perille.<br>Ennen ilmoittautumistasi tapahtumap\u00e4iv\u00e4\u00e4n, huomioithan viel\u00e4 seuraavat asiat:<br>*Tapahtumap\u00e4iviin tehdyt varaukset ovat sitovia.<br>*Lahjakortin tulee olla voimassa tapahtuma-aikana ja se merkit\u00e4\u00e4n k\u00e4ytetyksi ilmoittautumisen yhteydess\u00e4.<br>*Pid\u00e4t\u00e4mme oikeuden siirt\u00e4\u00e4 palvelun toteuttamisen toiseen ajankohtaan, mik\u00e4li palveluun k\u00e4ytett\u00e4v\u00e4 rata ei ole saatavilla tai se ilmoitetaan suljetuksi palvelun ajankohdasta sopimisen j\u00e4lkeen.<br>*Pid\u00e4t\u00e4mme oikeuden siirt\u00e4\u00e4 tapahtumap\u00e4iv\u00e4\u00e4n ilmoittautuneet osallistujat aina seuraavaan ajotapahtumaan ilman erillist\u00e4 ilmoitusta, mik\u00e4li tapahtumaan vaadittava osallistujam\u00e4\u00e4r\u00e4 (kuusi, 6) ei t\u00e4yty.<br><br>Lis\u00e4tiedot varaukseen:<br>*Siirrosta <strong>20-10 p\u00e4iv\u00e4\u00e4 ennen<\/strong> sovittua totetutusajankohtaa perit\u00e4\u00e4n el\u00e4myksen siirrosta maksu, suuruudeltaan 35 euroa.<br>*<strong>10 p\u00e4iv\u00e4\u00e4 (tai alle)<\/strong> siirtoja ei tehd\u00e4, vaan varaus katsotaan k\u00e4ytetyksi.<br><br>Yksityishenkil\u00f6ille j\u00e4rjest\u00e4mme my\u00f6s useamman henkil\u00f6n yksityistilaisuuksia, joiden ajankohta ja sis\u00e4lt\u00f6 sovitaan erikseen.<\/p>\n<\/div>\n<\/div>\n","protected":false},"excerpt":{"rendered":"<p>Yksityisille Yksityishenkil\u00f6ille j\u00e4rjest\u00e4mme rallikyydityksi\u00e4 ja avoimia rallikokeilup\u00e4ivi\u00e4. Kaikki yksityishenkil\u00f6ille tarkoitetut ajop\u00e4iv\u00e4t on valmiiksi merkitty nettikalenteriimme, joka l\u00f6ytyy valikosta Googlen G-logon takaa.Tapahtumap\u00e4iviin ilmoittaudutaan s\u00e4hk\u00f6postilla varaus@rallielamys.fi tai vaihtoehtoisesti suoraan kalenterista l\u00f6ytyv\u00e4n linkin kautta.Ilmoittautuessa tulee kertoa osallistujan\/ kyyditett\u00e4v\u00e4n nimi, puhelinnumero ja lahjakortin koodi. Messengerill\u00e4, tekstiviestill\u00e4 tai Whatsappilla ilmoittautumiset eiv\u00e4t tule perille.Ennen ilmoittautumistasi tapahtumap\u00e4iv\u00e4\u00e4n, [&hellip;]<\/p>\n","protected":false},"author":1,"featured_media":71,"parent":0,"menu_order":0,"comment_status":"closed","ping_status":"closed","template":"","meta":{"om_disable_all_campaigns":false,"footnotes":""},"class_list":["post-12","page","type-page","status-publish","has-post-thumbnail","hentry"],"_links":{"self":[{"href":"https:\/\/rallielamys.fi\/index.php?rest_route=\/wp\/v2\/pages\/12","targetHints":{"allow":["GET"]}}],"collection":[{"href":"https:\/\/rallielamys.fi\/index.php?rest_route=\/wp\/v2\/pages"}],"about":[{"href":"https:\/\/rallielamys.fi\/index.php?rest_route=\/wp\/v2\/types\/page"}],"author":[{"embeddable":true,"href":"https:\/\/rallielamys.fi\/index.php?rest_route=\/wp\/v2\/users\/1"}],"replies":[{"embeddable":true,"href":"https:\/\/rallielamys.fi\/index.php?rest_route=%2Fwp%2Fv2%2Fcomments&post=12"}],"version-history":[{"count":18,"href":"https:\/\/rallielamys.fi\/index.php?rest_route=\/wp\/v2\/pages\/12\/revisions"}],"predecessor-version":[{"id":253,"href":"https:\/\/rallielamys.fi\/index.php?rest_route=\/wp\/v2\/pages\/12\/revisions\/253"}],"wp:featuredmedia":[{"embeddable":true,"href":"https:\/\/rallielamys.fi\/index.php?rest_route=\/wp\/v2\/media\/71"}],"wp:attachment":[{"href":"https:\/\/rallielamys.fi\/index.php?rest_route=%2Fwp%2Fv2%2Fmedia&parent=12"}],"curies":[{"name":"wp","href":"https:\/\/api.w.org\/{rel}","templated":true}]}}